{"id":3051,"date":"2022-03-21T20:58:28","date_gmt":"2022-03-21T20:58:28","guid":{"rendered":"https:\/\/www.tecnifogo.com\/?post_type=product&#038;p=3051"},"modified":"2023-05-12T13:42:57","modified_gmt":"2023-05-12T13:42:57","slug":"extintor-co2-2kg","status":"publish","type":"product","link":"https:\/\/www.tecnifogo.com\/index.php\/produto\/extintor-co2-2kg\/","title":{"rendered":"Extintor CO2 2KG"},"content":{"rendered":"<p><a href=\"https:\/\/www.tecnifogo.com\/wp-content\/uploads\/2022\/03\/FICHA-TECNICA-EXTINTOR-CO2-2KG.pdf\">FICHA TECNICA EXTINTOR CO2 2KG<\/a><\/p>\n<p><strong>EXTINTOR INDICADO PARA INSTALA\u00c7\u00d5ES EL\u00c9TRICAS<\/strong><br \/>\nO extintor de CO2 \u00e9 amplamente utilizado na prote\u00e7\u00e3o de instala\u00e7\u00f5es el\u00e9tricas sens\u00edveis tais como em sala de servidores, quadro eletricos entre outros onde a sua prote\u00e7\u00e3o ativa em caso de fogo o torna essencial para ter as suas instala\u00e7\u00f5es protegidas. Os extintores de CO2 (G\u00e1s Di\u00f3xido de Carbono) utilizam este g\u00e1s para eliminar o oxig\u00e9nio de modo a &#8220;abafar&#8221; o inc\u00eandio. Os extintores de CO2 s\u00e3o aptos para combate a inc\u00eandios de Classe B (l\u00edquidos inflam\u00e1veis tais como \u00f3leo, gasolina, \u00e1lcool, tintas, vernizes&#8230;) e inc\u00eandios de Classe C (gases inflam\u00e1veis tais como, g\u00e1s natural, butano, propano, etileno&#8230;).<\/p>\n<p><strong>EXTINTOR CO2 2KG<\/strong><br \/>\nNOME: Extintor CO2 2 KGs<br \/>\nPeso Total: 9kgs<br \/>\nRefer\u00eancia: 110C002<br \/>\nEfic\u00e1cia: 89B C<br \/>\nAgente Extintor: CO2 ( Neve Carb\u00f3nica)<br \/>\nDimens\u00f5es: 528 x 150 mm<br \/>\nCapacidade: 6 lts<br \/>\nPress\u00e3o: 15 Bar<br \/>\nEnsaio Diel\u00e9ctrico: 35 KV<\/p>\n","protected":false},"excerpt":{"rendered":"<p>FICHA TECNICA EXTINTOR CO2 2KG EXTINTOR INDICADO PARA INSTALA\u00c7\u00d5ES EL\u00c9TRICAS O extintor de CO2 \u00e9 amplamente utilizado na prote\u00e7\u00e3o de instala\u00e7\u00f5es el\u00e9tricas sens\u00edveis tais como em sala de servidores, quadro&hellip;<\/p>\n","protected":false},"featured_media":3045,"template":"","meta":{"_themeisle_gutenberg_block_has_review":false},"product_cat":[84],"product_tag":[],"_links":{"self":[{"href":"https:\/\/www.tecnifogo.com\/index.php\/wp-json\/wp\/v2\/product\/3051"}],"collection":[{"href":"https:\/\/www.tecnifogo.com\/index.php\/wp-json\/wp\/v2\/product"}],"about":[{"href":"https:\/\/www.tecnifogo.com\/index.php\/wp-json\/wp\/v2\/types\/product"}],"wp:featuredmedia":[{"embeddable":true,"href":"https:\/\/www.tecnifogo.com\/index.php\/wp-json\/wp\/v2\/media\/3045"}],"wp:attachment":[{"href":"https:\/\/www.tecnifogo.com\/index.php\/wp-json\/wp\/v2\/media?parent=3051"}],"wp:term":[{"taxonomy":"product_cat","embeddable":true,"href":"https:\/\/www.tecnifogo.com\/index.php\/wp-json\/wp\/v2\/product_cat?post=3051"},{"taxonomy":"product_tag","embeddable":true,"href":"https:\/\/www.tecnifogo.com\/index.php\/wp-json\/wp\/v2\/product_tag?post=3051"}],"curies":[{"name":"wp","href":"https:\/\/api.w.org\/{rel}","templated":true}]}}