{"id":3118,"date":"2022-06-17T10:12:18","date_gmt":"2022-06-17T10:12:18","guid":{"rendered":"https:\/\/www.tecnifogo.com\/?post_type=product&#038;p=3118"},"modified":"2023-05-12T13:55:25","modified_gmt":"2023-05-12T13:55:25","slug":"extintor-agua-abf_9lt","status":"publish","type":"product","link":"https:\/\/www.tecnifogo.com\/index.php\/produto\/extintor-agua-abf_9lt\/","title":{"rendered":"Extintor \u00c1GUA abf_9LT"},"content":{"rendered":"<p><strong>EXTINTORES DE \u00c1GUA ABF<\/strong><br \/>\nO extintor de \u00c1gua Aditivada apresenta como grande vantagem em rela\u00e7\u00e3o aos restantes extintores, al\u00e9m de se tratar de um agente extintor biodegrad\u00e1vel, a sua capacidade Anti-P\u00e2nico no momento de descarga por n\u00e3o retirar a visibilidade, ao contr\u00e1rio de outros extintores, tais como o de P\u00f3 Qu\u00edmico, permitindo assim uma evacua\u00e7\u00e3o r\u00e1pida das pessoas sem interferir na respira\u00e7\u00e3o e visibilidade das mesmas . A sua efic\u00e1cia nas Classes A e B (equivalente aos extintores de P\u00f3 Qu\u00edmico) e na Classe F (\u00f3leos alimentares), tendo ainda como caracter\u00edstica de ser N\u00e3o Condutor de Eletricidade (at\u00e9 35kw), torna-o ideal para as mais variadas situa\u00e7\u00f5es e locais.<\/p>\n<p><strong>EXTINTOR AB 9 LT<\/strong><br \/>\nNOME: Extintor AB 9 lts<br \/>\nPeso Total: 9kgs<br \/>\nRefer\u00eancia: 110A009<br \/>\nEfic\u00e1cia: 21A- 183B \u2013 75F<br \/>\nAgente Extintor: \u00c1gua + Aditivo AFF<br \/>\nDimens\u00f5es: 528 x 150 mm<br \/>\nCapacidade: 6 lts<br \/>\nPress\u00e3o: 15 Bar<br \/>\nEnsaio Diel\u00e9ctrico: 35 KV<\/p>\n","protected":false},"excerpt":{"rendered":"<p>EXTINTORES DE \u00c1GUA ABF O extintor de \u00c1gua Aditivada apresenta como grande vantagem em rela\u00e7\u00e3o aos restantes extintores, al\u00e9m de se tratar de um agente extintor biodegrad\u00e1vel, a sua capacidade&hellip;<\/p>\n","protected":false},"featured_media":3119,"template":"","meta":{"_themeisle_gutenberg_block_has_review":false},"product_cat":[84],"product_tag":[],"_links":{"self":[{"href":"https:\/\/www.tecnifogo.com\/index.php\/wp-json\/wp\/v2\/product\/3118"}],"collection":[{"href":"https:\/\/www.tecnifogo.com\/index.php\/wp-json\/wp\/v2\/product"}],"about":[{"href":"https:\/\/www.tecnifogo.com\/index.php\/wp-json\/wp\/v2\/types\/product"}],"wp:featuredmedia":[{"embeddable":true,"href":"https:\/\/www.tecnifogo.com\/index.php\/wp-json\/wp\/v2\/media\/3119"}],"wp:attachment":[{"href":"https:\/\/www.tecnifogo.com\/index.php\/wp-json\/wp\/v2\/media?parent=3118"}],"wp:term":[{"taxonomy":"product_cat","embeddable":true,"href":"https:\/\/www.tecnifogo.com\/index.php\/wp-json\/wp\/v2\/product_cat?post=3118"},{"taxonomy":"product_tag","embeddable":true,"href":"https:\/\/www.tecnifogo.com\/index.php\/wp-json\/wp\/v2\/product_tag?post=3118"}],"curies":[{"name":"wp","href":"https:\/\/api.w.org\/{rel}","templated":true}]}}