{"id":3143,"date":"2022-06-17T12:25:23","date_gmt":"2022-06-17T12:25:23","guid":{"rendered":"https:\/\/www.tecnifogo.com\/?post_type=product&#038;p=3143"},"modified":"2023-05-12T13:15:11","modified_gmt":"2023-05-12T13:15:11","slug":"extintor-po-abc_9kg","status":"publish","type":"product","link":"https:\/\/www.tecnifogo.com\/index.php\/produto\/extintor-po-abc_9kg\/","title":{"rendered":"Extintor p\u00f3 abc_9kg"},"content":{"rendered":"<p><a href=\"https:\/\/www.tecnifogo.com\/wp-content\/uploads\/2022\/06\/FICHA-TECNICA-EXTINTOR-9KG.pdf\">FICHA TECNICA EXTINTOR 9KG<\/a><\/p>\n<p><strong>EXTINTORES PORT\u00c1TEIS<\/strong><br \/>\nOs extintores de P\u00f3 ABC s\u00e3o indicados para inc\u00eandios que envolvam materiais s\u00f3lidos (classe A) tais como madeiras e papel, inc\u00eandios com l\u00edquidos inflam\u00e1veis (classe B) e gases inflam\u00e1veis (classe C). Por utilizarem P\u00f3 Qu\u00edmico requerem um especial cuidado no seu uso, sendo necess\u00e1rio evitar a respira\u00e7\u00e3o do p\u00f3 aquando da sua utiliza\u00e7\u00e3o. O extintor P\u00f3 ABC de 1 kg \u00e9 o mais usado para prote\u00e7\u00e3o de viaturas.<\/p>\n<p><strong>EXTINTOR P\u00d3 ABC 9KG<\/strong><br \/>\nNOME: Extintor ABC P\u00f3 9kg<br \/>\nPeso Total: 13,47kgs<br \/>\nRefer\u00eancia: 110P009<br \/>\nEfic\u00e1cia: 43A- 233B \u2013 C<br \/>\nAgente Extintor: P\u00f3 ABC<br \/>\nDimens\u00f5es: 605 x 180 mm<br \/>\nCapacidade: 9 kgs<br \/>\nPress\u00e3o: 23 Bar<br \/>\nEnsaio Diel\u00e9ctrico: 35 KV<\/p>\n","protected":false},"excerpt":{"rendered":"<p>FICHA TECNICA EXTINTOR 9KG EXTINTORES PORT\u00c1TEIS Os extintores de P\u00f3 ABC s\u00e3o indicados para inc\u00eandios que envolvam materiais s\u00f3lidos (classe A) tais como madeiras e papel, inc\u00eandios com l\u00edquidos inflam\u00e1veis&hellip;<\/p>\n","protected":false},"featured_media":3144,"template":"","meta":{"_themeisle_gutenberg_block_has_review":false},"product_cat":[84],"product_tag":[],"_links":{"self":[{"href":"https:\/\/www.tecnifogo.com\/index.php\/wp-json\/wp\/v2\/product\/3143"}],"collection":[{"href":"https:\/\/www.tecnifogo.com\/index.php\/wp-json\/wp\/v2\/product"}],"about":[{"href":"https:\/\/www.tecnifogo.com\/index.php\/wp-json\/wp\/v2\/types\/product"}],"wp:featuredmedia":[{"embeddable":true,"href":"https:\/\/www.tecnifogo.com\/index.php\/wp-json\/wp\/v2\/media\/3144"}],"wp:attachment":[{"href":"https:\/\/www.tecnifogo.com\/index.php\/wp-json\/wp\/v2\/media?parent=3143"}],"wp:term":[{"taxonomy":"product_cat","embeddable":true,"href":"https:\/\/www.tecnifogo.com\/index.php\/wp-json\/wp\/v2\/product_cat?post=3143"},{"taxonomy":"product_tag","embeddable":true,"href":"https:\/\/www.tecnifogo.com\/index.php\/wp-json\/wp\/v2\/product_tag?post=3143"}],"curies":[{"name":"wp","href":"https:\/\/api.w.org\/{rel}","templated":true}]}}