{"id":3152,"date":"2022-06-17T13:00:51","date_gmt":"2022-06-17T13:00:51","guid":{"rendered":"https:\/\/www.tecnifogo.com\/?post_type=product&#038;p=3152"},"modified":"2023-05-12T12:59:12","modified_gmt":"2023-05-12T12:59:12","slug":"extintor-po-abc_aut6kg","status":"publish","type":"product","link":"https:\/\/www.tecnifogo.com\/index.php\/produto\/extintor-po-abc_aut6kg\/","title":{"rendered":"Extintor p\u00f3 abc_aut6kg"},"content":{"rendered":"<p><strong>EXTINTORES PORT\u00c1TEIS<\/strong><br \/>\nOs extintores de P\u00f3 ABC s\u00e3o indicados para inc\u00eandios que envolvam materiais s\u00f3lidos (classe A) tais como madeiras e papel, inc\u00eandios com l\u00edquidos inflam\u00e1veis (classe B) e gases inflam\u00e1veis (classe C). Por utilizarem P\u00f3 Qu\u00edmico requerem um especial cuidado no seu uso, sendo necess\u00e1rio evitar a respira\u00e7\u00e3o do p\u00f3 aquando da sua utiliza\u00e7\u00e3o. O extintor P\u00f3 ABC de 1 kg \u00e9 o mais usado para prote\u00e7\u00e3o de viaturas.<\/p>\n<p><strong>EXTINTOR AUTOM\u00c1TICO P\u00d3 ABC 6KG<\/strong><br \/>\nNOME: Extintor Autom\u00e1tico P\u00f3 ABC 6kg<br \/>\nPeso Total: 9kgs<br \/>\nRefer\u00eancia: 110PI6<br \/>\nEfic\u00e1cia: 21A- 183B \u2013 75F<br \/>\nAgente Extintor: P\u00f3 ABC<br \/>\nDimens\u00f5es: 528 x 150 mm<br \/>\nCapacidade: 6 lts<br \/>\nPress\u00e3o: 15 Bar<br \/>\nEnsaio Diel\u00e9ctrico: 35 KV<\/p>\n<p>&nbsp;<\/p>\n","protected":false},"excerpt":{"rendered":"<p>EXTINTORES PORT\u00c1TEIS Os extintores de P\u00f3 ABC s\u00e3o indicados para inc\u00eandios que envolvam materiais s\u00f3lidos (classe A) tais como madeiras e papel, inc\u00eandios com l\u00edquidos inflam\u00e1veis (classe B) e gases&hellip;<\/p>\n","protected":false},"featured_media":3154,"template":"","meta":{"_themeisle_gutenberg_block_has_review":false},"product_cat":[84],"product_tag":[],"_links":{"self":[{"href":"https:\/\/www.tecnifogo.com\/index.php\/wp-json\/wp\/v2\/product\/3152"}],"collection":[{"href":"https:\/\/www.tecnifogo.com\/index.php\/wp-json\/wp\/v2\/product"}],"about":[{"href":"https:\/\/www.tecnifogo.com\/index.php\/wp-json\/wp\/v2\/types\/product"}],"wp:featuredmedia":[{"embeddable":true,"href":"https:\/\/www.tecnifogo.com\/index.php\/wp-json\/wp\/v2\/media\/3154"}],"wp:attachment":[{"href":"https:\/\/www.tecnifogo.com\/index.php\/wp-json\/wp\/v2\/media?parent=3152"}],"wp:term":[{"taxonomy":"product_cat","embeddable":true,"href":"https:\/\/www.tecnifogo.com\/index.php\/wp-json\/wp\/v2\/product_cat?post=3152"},{"taxonomy":"product_tag","embeddable":true,"href":"https:\/\/www.tecnifogo.com\/index.php\/wp-json\/wp\/v2\/product_tag?post=3152"}],"curies":[{"name":"wp","href":"https:\/\/api.w.org\/{rel}","templated":true}]}}