{"id":3156,"date":"2022-06-17T13:13:20","date_gmt":"2022-06-17T13:13:20","guid":{"rendered":"https:\/\/www.tecnifogo.com\/?post_type=product&#038;p=3156"},"modified":"2023-05-12T14:35:52","modified_gmt":"2023-05-12T14:35:52","slug":"bola-automatica-extintora","status":"publish","type":"product","link":"https:\/\/www.tecnifogo.com\/index.php\/produto\/bola-automatica-extintora\/","title":{"rendered":"Bola Autom\u00e1tica Extintora"},"content":{"rendered":"<p><a href=\"https:\/\/www.tecnifogo.com\/wp-content\/uploads\/2022\/06\/FICHA-TECNICA-BOLA-EXTINTOR-AUTOMATICO.pdf\">FICHA TECNICA BOLA EXTINTOR AUTOM\u00c1TICO<\/a><\/p>\n<p><strong>BOLA EXTINTORA<\/strong><br \/>\nBola Extintora ABC\u00a0\u00e9 um dispositivo autom\u00e1tico de extin\u00e7\u00e3o de inc\u00eandios, not\u00e1vel pela sua simplicidade e uso universal, de f\u00e1cil instala\u00e7\u00e3o e alta efici\u00eancia. Combina qualidades dos extintores port\u00e1teis, sendo que os supera na facilidade de uso, com qualidades dos sistemas autom\u00e1ticos de extin\u00e7\u00e3o de inc\u00eandios.<\/p>\n<p>&nbsp;<\/p>\n","protected":false},"excerpt":{"rendered":"<p>FICHA TECNICA BOLA EXTINTOR AUTOM\u00c1TICO BOLA EXTINTORA Bola Extintora ABC\u00a0\u00e9 um dispositivo autom\u00e1tico de extin\u00e7\u00e3o de inc\u00eandios, not\u00e1vel pela sua simplicidade e uso universal, de f\u00e1cil instala\u00e7\u00e3o e alta efici\u00eancia.&hellip;<\/p>\n","protected":false},"featured_media":3157,"template":"","meta":{"_themeisle_gutenberg_block_has_review":false},"product_cat":[84],"product_tag":[],"_links":{"self":[{"href":"https:\/\/www.tecnifogo.com\/index.php\/wp-json\/wp\/v2\/product\/3156"}],"collection":[{"href":"https:\/\/www.tecnifogo.com\/index.php\/wp-json\/wp\/v2\/product"}],"about":[{"href":"https:\/\/www.tecnifogo.com\/index.php\/wp-json\/wp\/v2\/types\/product"}],"wp:featuredmedia":[{"embeddable":true,"href":"https:\/\/www.tecnifogo.com\/index.php\/wp-json\/wp\/v2\/media\/3157"}],"wp:attachment":[{"href":"https:\/\/www.tecnifogo.com\/index.php\/wp-json\/wp\/v2\/media?parent=3156"}],"wp:term":[{"taxonomy":"product_cat","embeddable":true,"href":"https:\/\/www.tecnifogo.com\/index.php\/wp-json\/wp\/v2\/product_cat?post=3156"},{"taxonomy":"product_tag","embeddable":true,"href":"https:\/\/www.tecnifogo.com\/index.php\/wp-json\/wp\/v2\/product_tag?post=3156"}],"curies":[{"name":"wp","href":"https:\/\/api.w.org\/{rel}","templated":true}]}}