{"id":3162,"date":"2022-06-17T14:05:34","date_gmt":"2022-06-17T14:05:34","guid":{"rendered":"https:\/\/www.tecnifogo.com\/?post_type=product&#038;p=3162"},"modified":"2023-05-12T14:33:56","modified_gmt":"2023-05-12T14:33:56","slug":"cad-150-1-mini-painel-de-controle-de-deteccao-de-incendio-analogico-compacto-de-1-loop","status":"publish","type":"product","link":"https:\/\/www.tecnifogo.com\/index.php\/produto\/cad-150-1-mini-painel-de-controle-de-deteccao-de-incendio-analogico-compacto-de-1-loop\/","title":{"rendered":"CAD-150-1-MINI Painel de controle de detec\u00e7\u00e3o de inc\u00eandio anal\u00f3gico compacto de 1 loop"},"content":{"rendered":"<p><strong>Painel de controle de detec\u00e7\u00e3o de inc\u00eandio anal\u00f3gico compacto de 1 loop<\/strong><br \/>\nPainel de controle de detec\u00e7\u00e3o de inc\u00eandio anal\u00f3gico compacto de 1 loop. Capacidade de 100 endere\u00e7os (detectores, m\u00f3dulos, sirenes ou bot\u00f5es). Fun\u00e7\u00e3o de auto-busca e auto-diagn\u00f3stico. 250 zonas program\u00e1veis, 20 zonas de alarme e exibi\u00e7\u00e3o de falhas via LEDs, registro hist\u00f3rico de 6.000 eventos, software livre de configura\u00e7\u00e3o e manuten\u00e7\u00e3o, configura\u00e7\u00e3o via porta USB, 2 sa\u00eddas de sirene supervisionadas e 2 sa\u00eddas de rel\u00e9 sem tens\u00e3o configur\u00e1veis \u200b\u200bna placa. Visor gr\u00e1fico LCD. Sa\u00edda auxiliar 24V 500 mA. Arm\u00e1rio em pl\u00e1stico ABS com possibilidade de embutir. Teclado multil\u00edngue. Conect\u00e1vel a uma rede (F-Network ou S-Network) de 32 pain\u00e9is de controle e repetidores via RS485 ou fibra \u00f3tica. Sa\u00eddas Modbus para integra\u00e7\u00f5es e Contact ID para conex\u00e3o com CRA (opcional). Telemanuten\u00e7\u00e3o e controle remoto atrav\u00e9s do cart\u00e3o TED-151-CL (Detnov Cloud). Certificado CPR EN 54-2, EN 54-4. Requer 2 baterias BTD-1207, n\u00e3o inclu\u00eddas. Dimens\u00f5es: 430 x 268 x 109 mm.<\/p>\n","protected":false},"excerpt":{"rendered":"<p>Painel de controle de detec\u00e7\u00e3o de inc\u00eandio anal\u00f3gico compacto de 1 loop Painel de controle de detec\u00e7\u00e3o de inc\u00eandio anal\u00f3gico compacto de 1 loop. Capacidade de 100 endere\u00e7os (detectores, m\u00f3dulos,&hellip;<\/p>\n","protected":false},"featured_media":3163,"template":"","meta":{"_themeisle_gutenberg_block_has_review":false},"product_cat":[85],"product_tag":[],"_links":{"self":[{"href":"https:\/\/www.tecnifogo.com\/index.php\/wp-json\/wp\/v2\/product\/3162"}],"collection":[{"href":"https:\/\/www.tecnifogo.com\/index.php\/wp-json\/wp\/v2\/product"}],"about":[{"href":"https:\/\/www.tecnifogo.com\/index.php\/wp-json\/wp\/v2\/types\/product"}],"wp:featuredmedia":[{"embeddable":true,"href":"https:\/\/www.tecnifogo.com\/index.php\/wp-json\/wp\/v2\/media\/3163"}],"wp:attachment":[{"href":"https:\/\/www.tecnifogo.com\/index.php\/wp-json\/wp\/v2\/media?parent=3162"}],"wp:term":[{"taxonomy":"product_cat","embeddable":true,"href":"https:\/\/www.tecnifogo.com\/index.php\/wp-json\/wp\/v2\/product_cat?post=3162"},{"taxonomy":"product_tag","embeddable":true,"href":"https:\/\/www.tecnifogo.com\/index.php\/wp-json\/wp\/v2\/product_tag?post=3162"}],"curies":[{"name":"wp","href":"https:\/\/api.w.org\/{rel}","templated":true}]}}