{"id":3166,"date":"2022-06-17T14:14:52","date_gmt":"2022-06-17T14:14:52","guid":{"rendered":"https:\/\/www.tecnifogo.com\/?post_type=product&#038;p=3166"},"modified":"2023-05-12T14:31:35","modified_gmt":"2023-05-12T14:31:35","slug":"cad-250-painel-de-controle-de-deteccao-de-incendio-analogico-modular-expansivel-ate-32-loops","status":"publish","type":"product","link":"https:\/\/www.tecnifogo.com\/index.php\/produto\/cad-250-painel-de-controle-de-deteccao-de-incendio-analogico-modular-expansivel-ate-32-loops\/","title":{"rendered":"CAD-250 Painel de controle de detec\u00e7\u00e3o de inc\u00eandio anal\u00f3gico modular expans\u00edvel at\u00e9 32 loops"},"content":{"rendered":"<p><strong>Painel de controle de detec\u00e7\u00e3o de inc\u00eandio anal\u00f3gico modular expans\u00edvel at\u00e9 32 loops<\/strong><br \/>\nPainel de controle de detec\u00e7\u00e3o de inc\u00eandio anal\u00f3gico modular expans\u00edvel at\u00e9 32 loops usando cart\u00f5es de 2 loops (TBUD-250) e caixas de expans\u00e3o (CAD-250-B; CAD-250-BLED). N\u00e3o incorpora loops de detec\u00e7\u00e3o. Tela sens\u00edvel ao toque de 10\u201d com gerenciamento gr\u00e1fico. 2048 zonas, 256 \u00e1reas e 1024 grupos. Registro hist\u00f3rico de 100.000 eventos. Software gratuito de configura\u00e7\u00e3o e manuten\u00e7\u00e3o, configura\u00e7\u00e3o via porta USB ou Ethernet. 2 sa\u00eddas de sirene supervisionadas e 2 sa\u00eddas de rel\u00e9 sem tens\u00e3o a bordo. Sa\u00edda auxiliar de 24V 500mA. Conect\u00e1vel a uma rede (T-Network) de 64 pain\u00e9is de controle anal\u00f3gicos via RS485 ou fibra \u00f3tica (n\u00e3o inclu\u00eddo). Ethernet on-board para programa\u00e7\u00e3o e manuten\u00e7\u00e3o remota. Conectividade com Detnov Cloud. Cabine met\u00e1lica. Multi l\u00ednguas. Certificado CPR EN54-2 e EN54-4. Requer 2 baterias BTD-1224, n\u00e3o inclu\u00eddas. Dimens\u00f5es: 533 x 453 x 212 mm.<\/p>\n<ul>\n<li>Datasheet_CAD-250 (DS 122 \u00e9 de 2019 para)<br \/>\n<strong>Aceda \u00e0 \u00e1rea privada para visualizar os seguintes documentos:<\/strong><\/li>\n<li>Manual de usu\u00e1rio:<\/li>\n<li>Manual de instala\u00e7\u00e3o:<\/li>\n<li>Manual de configura\u00e7\u00e3o:<\/li>\n<li>Manual do software de configura\u00e7\u00e3o:<\/li>\n<li>Certificado de RCP:<\/li>\n<li>Boletim t\u00e9cnico:<\/li>\n<\/ul>\n","protected":false},"excerpt":{"rendered":"<p>Painel de controle de detec\u00e7\u00e3o de inc\u00eandio anal\u00f3gico modular expans\u00edvel at\u00e9 32 loops Painel de controle de detec\u00e7\u00e3o de inc\u00eandio anal\u00f3gico modular expans\u00edvel at\u00e9 32 loops usando cart\u00f5es de 2&hellip;<\/p>\n","protected":false},"featured_media":3167,"template":"","meta":{"_themeisle_gutenberg_block_has_review":false},"product_cat":[85],"product_tag":[],"_links":{"self":[{"href":"https:\/\/www.tecnifogo.com\/index.php\/wp-json\/wp\/v2\/product\/3166"}],"collection":[{"href":"https:\/\/www.tecnifogo.com\/index.php\/wp-json\/wp\/v2\/product"}],"about":[{"href":"https:\/\/www.tecnifogo.com\/index.php\/wp-json\/wp\/v2\/types\/product"}],"wp:featuredmedia":[{"embeddable":true,"href":"https:\/\/www.tecnifogo.com\/index.php\/wp-json\/wp\/v2\/media\/3167"}],"wp:attachment":[{"href":"https:\/\/www.tecnifogo.com\/index.php\/wp-json\/wp\/v2\/media?parent=3166"}],"wp:term":[{"taxonomy":"product_cat","embeddable":true,"href":"https:\/\/www.tecnifogo.com\/index.php\/wp-json\/wp\/v2\/product_cat?post=3166"},{"taxonomy":"product_tag","embeddable":true,"href":"https:\/\/www.tecnifogo.com\/index.php\/wp-json\/wp\/v2\/product_tag?post=3166"}],"curies":[{"name":"wp","href":"https:\/\/api.w.org\/{rel}","templated":true}]}}