{"id":3174,"date":"2022-06-17T14:28:54","date_gmt":"2022-06-17T14:28:54","guid":{"rendered":"https:\/\/www.tecnifogo.com\/?post_type=product&#038;p=3174"},"modified":"2023-05-12T15:10:34","modified_gmt":"2023-05-12T15:10:34","slug":"dod-220-detector-de-fumaca-optico-para-sistema-analogico","status":"publish","type":"product","link":"https:\/\/www.tecnifogo.com\/index.php\/produto\/dod-220-detector-de-fumaca-optico-para-sistema-analogico\/","title":{"rendered":"DOD-220 Detector de fuma\u00e7a \u00f3ptico para sistema anal\u00f3gico"},"content":{"rendered":"<p><a href=\"https:\/\/www.tecnifogo.com\/wp-content\/uploads\/2022\/06\/FICHA-TECNICA-Detector-de-fumaca-optico-para-sistema-analogico.pdf\">FICHA T\u00c9CNICA Detector de fuma\u00e7a \u00f3ptico para sistema anal\u00f3gico<\/a><\/p>\n<p><strong>Detector de fuma\u00e7a \u00f3ptico para sistema anal\u00f3gico<\/strong><br \/>\nDetector de fuma\u00e7a \u00f3ptico para sistema anal\u00f3gico, incorpora algoritmos de verifica\u00e7\u00e3o e compensa\u00e7\u00e3o de sujeira. LED indicador de status e sa\u00edda para piloto remoto ou buzzer, sistema antifurto (somente com Z-200). Cor branca. Permite a instala\u00e7\u00e3o sem polaridade. Requer base de conex\u00e3o Z-200 ou Z-200-H. Certificado CPR EN 54-7. Dimens\u00f5es: 100mm x 40mm.<\/p>\n","protected":false},"excerpt":{"rendered":"<p>FICHA T\u00c9CNICA Detector de fuma\u00e7a \u00f3ptico para sistema anal\u00f3gico Detector de fuma\u00e7a \u00f3ptico para sistema anal\u00f3gico Detector de fuma\u00e7a \u00f3ptico para sistema anal\u00f3gico, incorpora algoritmos de verifica\u00e7\u00e3o e compensa\u00e7\u00e3o de&hellip;<\/p>\n","protected":false},"featured_media":3175,"template":"","meta":{"_themeisle_gutenberg_block_has_review":false},"product_cat":[85,89],"product_tag":[],"_links":{"self":[{"href":"https:\/\/www.tecnifogo.com\/index.php\/wp-json\/wp\/v2\/product\/3174"}],"collection":[{"href":"https:\/\/www.tecnifogo.com\/index.php\/wp-json\/wp\/v2\/product"}],"about":[{"href":"https:\/\/www.tecnifogo.com\/index.php\/wp-json\/wp\/v2\/types\/product"}],"wp:featuredmedia":[{"embeddable":true,"href":"https:\/\/www.tecnifogo.com\/index.php\/wp-json\/wp\/v2\/media\/3175"}],"wp:attachment":[{"href":"https:\/\/www.tecnifogo.com\/index.php\/wp-json\/wp\/v2\/media?parent=3174"}],"wp:term":[{"taxonomy":"product_cat","embeddable":true,"href":"https:\/\/www.tecnifogo.com\/index.php\/wp-json\/wp\/v2\/product_cat?post=3174"},{"taxonomy":"product_tag","embeddable":true,"href":"https:\/\/www.tecnifogo.com\/index.php\/wp-json\/wp\/v2\/product_tag?post=3174"}],"curies":[{"name":"wp","href":"https:\/\/api.w.org\/{rel}","templated":true}]}}