{"id":3178,"date":"2022-06-17T14:35:20","date_gmt":"2022-06-17T14:35:20","guid":{"rendered":"https:\/\/www.tecnifogo.com\/?post_type=product&#038;p=3178"},"modified":"2023-05-12T15:11:37","modified_gmt":"2023-05-12T15:11:37","slug":"dotd-230-detector-optico-termico-para-deteccao-de-fumaca-e-temperatura-para-sistema-analogico","status":"publish","type":"product","link":"https:\/\/www.tecnifogo.com\/index.php\/produto\/dotd-230-detector-optico-termico-para-deteccao-de-fumaca-e-temperatura-para-sistema-analogico\/","title":{"rendered":"DOTD-230 Detector \u00f3ptico-t\u00e9rmico para detec\u00e7\u00e3o de fuma\u00e7a e temperatura para sistema anal\u00f3gico"},"content":{"rendered":"<p><strong>Detector \u00f3ptico-t\u00e9rmico para detec\u00e7\u00e3o de fuma\u00e7a e temperatura para sistema anal\u00f3gico<\/strong><br \/>\nDetector \u00f3ptico-t\u00e9rmico para detec\u00e7\u00e3o de fuma\u00e7a e temperatura para um sistema anal\u00f3gico, incorporando algoritmos de verifica\u00e7\u00e3o e compensa\u00e7\u00e3o de sujeira. LED indicador de status e sa\u00edda para piloto remoto ou buzzer, sistema antifurto (somente com Z-200). Cor branca. Permite a instala\u00e7\u00e3o sem polaridade. Requer base de conex\u00e3o Z-200 ou Z-200-H. Certificados CPR EN 54-5 e EN 54-7. Dimens\u00f5es 100mm x 40mm.<\/p>\n","protected":false},"excerpt":{"rendered":"<p>Detector \u00f3ptico-t\u00e9rmico para detec\u00e7\u00e3o de fuma\u00e7a e temperatura para sistema anal\u00f3gico Detector \u00f3ptico-t\u00e9rmico para detec\u00e7\u00e3o de fuma\u00e7a e temperatura para um sistema anal\u00f3gico, incorporando algoritmos de verifica\u00e7\u00e3o e compensa\u00e7\u00e3o de&hellip;<\/p>\n","protected":false},"featured_media":3179,"template":"","meta":{"_themeisle_gutenberg_block_has_review":false},"product_cat":[85,89],"product_tag":[],"_links":{"self":[{"href":"https:\/\/www.tecnifogo.com\/index.php\/wp-json\/wp\/v2\/product\/3178"}],"collection":[{"href":"https:\/\/www.tecnifogo.com\/index.php\/wp-json\/wp\/v2\/product"}],"about":[{"href":"https:\/\/www.tecnifogo.com\/index.php\/wp-json\/wp\/v2\/types\/product"}],"wp:featuredmedia":[{"embeddable":true,"href":"https:\/\/www.tecnifogo.com\/index.php\/wp-json\/wp\/v2\/media\/3179"}],"wp:attachment":[{"href":"https:\/\/www.tecnifogo.com\/index.php\/wp-json\/wp\/v2\/media?parent=3178"}],"wp:term":[{"taxonomy":"product_cat","embeddable":true,"href":"https:\/\/www.tecnifogo.com\/index.php\/wp-json\/wp\/v2\/product_cat?post=3178"},{"taxonomy":"product_tag","embeddable":true,"href":"https:\/\/www.tecnifogo.com\/index.php\/wp-json\/wp\/v2\/product_tag?post=3178"}],"curies":[{"name":"wp","href":"https:\/\/api.w.org\/{rel}","templated":true}]}}