{"id":3180,"date":"2022-06-17T14:39:20","date_gmt":"2022-06-17T14:39:20","guid":{"rendered":"https:\/\/www.tecnifogo.com\/?post_type=product&#038;p=3180"},"modified":"2022-06-17T16:24:00","modified_gmt":"2022-06-17T16:24:00","slug":"dtd-210-detector-termolocimetrico-58oc-8oc-minuto-para-sistema-analogico","status":"publish","type":"product","link":"https:\/\/www.tecnifogo.com\/index.php\/produto\/dtd-210-detector-termolocimetrico-58oc-8oc-minuto-para-sistema-analogico\/","title":{"rendered":"DTD-210 Detector termolocim\u00e9trico (58\u00baC-8\u00baC Minuto) para sistema anal\u00f3gico"},"content":{"rendered":"<p><a href=\"https:\/\/www.tecnifogo.com\/wp-content\/uploads\/2022\/06\/FICHA-TECNICA-Detector-termolocimetrico-58oC-8oC-minuto-para-sistema-analogico.pdf\">FICHA T\u00c9CNICA Detector termolocim\u00e9trico (58\u00baC-8\u00baC minuto) para sistema anal\u00f3gico<\/a><\/p>\n<p><strong>Detector termolocim\u00e9trico (58\u00baC-8\u00baC\/minuto) para sistema anal\u00f3gico<\/strong><br \/>\nDetector termovelocim\u00e9trico (58\u00baC-8\u00baC\/minuto) para sistema anal\u00f3gico, incorpora algoritmos de verifica\u00e7\u00e3o e compensa\u00e7\u00e3o de sujeira. LED indicador de status e sa\u00edda para piloto remoto ou buzzer, sistema antifurto (somente com Z-200). Cor branca. Permite a instala\u00e7\u00e3o sem polaridade. Requer base de conex\u00e3o Z-200 ou Z-200-H. Certificado CPR EN 54-5. Dimens\u00f5es 100mm x 40mm.<\/p>\n","protected":false},"excerpt":{"rendered":"<p>FICHA T\u00c9CNICA Detector termolocim\u00e9trico (58\u00baC-8\u00baC minuto) para sistema anal\u00f3gico Detector termolocim\u00e9trico (58\u00baC-8\u00baC\/minuto) para sistema anal\u00f3gico Detector termovelocim\u00e9trico (58\u00baC-8\u00baC\/minuto) para sistema anal\u00f3gico, incorpora algoritmos de verifica\u00e7\u00e3o e compensa\u00e7\u00e3o de sujeira. LED&hellip;<\/p>\n","protected":false},"featured_media":3181,"template":"","meta":{"_themeisle_gutenberg_block_has_review":false},"product_cat":[19],"product_tag":[],"_links":{"self":[{"href":"https:\/\/www.tecnifogo.com\/index.php\/wp-json\/wp\/v2\/product\/3180"}],"collection":[{"href":"https:\/\/www.tecnifogo.com\/index.php\/wp-json\/wp\/v2\/product"}],"about":[{"href":"https:\/\/www.tecnifogo.com\/index.php\/wp-json\/wp\/v2\/types\/product"}],"wp:featuredmedia":[{"embeddable":true,"href":"https:\/\/www.tecnifogo.com\/index.php\/wp-json\/wp\/v2\/media\/3181"}],"wp:attachment":[{"href":"https:\/\/www.tecnifogo.com\/index.php\/wp-json\/wp\/v2\/media?parent=3180"}],"wp:term":[{"taxonomy":"product_cat","embeddable":true,"href":"https:\/\/www.tecnifogo.com\/index.php\/wp-json\/wp\/v2\/product_cat?post=3180"},{"taxonomy":"product_tag","embeddable":true,"href":"https:\/\/www.tecnifogo.com\/index.php\/wp-json\/wp\/v2\/product_tag?post=3180"}],"curies":[{"name":"wp","href":"https:\/\/api.w.org\/{rel}","templated":true}]}}