{"id":3183,"date":"2022-06-17T14:46:10","date_gmt":"2022-06-17T14:46:10","guid":{"rendered":"https:\/\/www.tecnifogo.com\/?post_type=product&#038;p=3183"},"modified":"2022-06-17T16:25:34","modified_gmt":"2022-06-17T16:25:34","slug":"dtd-215-detector-de-alta-temperatura-78oc-para-sistema-analogico","status":"publish","type":"product","link":"https:\/\/www.tecnifogo.com\/index.php\/produto\/dtd-215-detector-de-alta-temperatura-78oc-para-sistema-analogico\/","title":{"rendered":"DTD-215 Detector de alta temperatura (78\u00baC) para sistema anal\u00f3gico"},"content":{"rendered":"<p><a href=\"https:\/\/www.tecnifogo.com\/wp-content\/uploads\/2022\/06\/FT-Detector-de-alta-temperatura-78oC-para-sistema-analogico.pdf\">FT Detector de alta temperatura (78\u00baC) para sistema anal\u00f3gico<\/a><\/p>\n<p><strong>Detector de alta temperatura (78\u00baC) para sistema anal\u00f3gico<\/strong><br \/>\nDetector de alta temperatura (78\u00baC) para sistema anal\u00f3gico, incorpora algoritmos de verifica\u00e7\u00e3o e compensa\u00e7\u00e3o de sujeira. LED indicador de status e sa\u00edda para piloto remoto ou buzzer, sistema antifurto (somente com Z-200). Cor branca. Permite a instala\u00e7\u00e3o sem polaridade. Requer base de conex\u00e3o Z-200 ou Z-200-H. Certificado CPR EN 54-5. Dimens\u00f5es 100mm x 40mm.<\/p>\n","protected":false},"excerpt":{"rendered":"<p>FT Detector de alta temperatura (78\u00baC) para sistema anal\u00f3gico Detector de alta temperatura (78\u00baC) para sistema anal\u00f3gico Detector de alta temperatura (78\u00baC) para sistema anal\u00f3gico, incorpora algoritmos de verifica\u00e7\u00e3o e&hellip;<\/p>\n","protected":false},"featured_media":3184,"template":"","meta":{"_themeisle_gutenberg_block_has_review":false},"product_cat":[19],"product_tag":[],"_links":{"self":[{"href":"https:\/\/www.tecnifogo.com\/index.php\/wp-json\/wp\/v2\/product\/3183"}],"collection":[{"href":"https:\/\/www.tecnifogo.com\/index.php\/wp-json\/wp\/v2\/product"}],"about":[{"href":"https:\/\/www.tecnifogo.com\/index.php\/wp-json\/wp\/v2\/types\/product"}],"wp:featuredmedia":[{"embeddable":true,"href":"https:\/\/www.tecnifogo.com\/index.php\/wp-json\/wp\/v2\/media\/3184"}],"wp:attachment":[{"href":"https:\/\/www.tecnifogo.com\/index.php\/wp-json\/wp\/v2\/media?parent=3183"}],"wp:term":[{"taxonomy":"product_cat","embeddable":true,"href":"https:\/\/www.tecnifogo.com\/index.php\/wp-json\/wp\/v2\/product_cat?post=3183"},{"taxonomy":"product_tag","embeddable":true,"href":"https:\/\/www.tecnifogo.com\/index.php\/wp-json\/wp\/v2\/product_tag?post=3183"}],"curies":[{"name":"wp","href":"https:\/\/api.w.org\/{rel}","templated":true}]}}