{"id":3186,"date":"2022-06-17T14:50:09","date_gmt":"2022-06-17T14:50:09","guid":{"rendered":"https:\/\/www.tecnifogo.com\/?post_type=product&#038;p=3186"},"modified":"2023-05-12T15:08:55","modified_gmt":"2023-05-12T15:08:55","slug":"k-sbn99-base-de-sirene-analogica-com-vad-en-54-23-em-branco-com-isolador-integrado","status":"publish","type":"product","link":"https:\/\/www.tecnifogo.com\/index.php\/produto\/k-sbn99-base-de-sirene-analogica-com-vad-en-54-23-em-branco-com-isolador-integrado\/","title":{"rendered":"K-SBN99-Base de sirene anal\u00f3gica com VAD EN 54-23 em branco com isolador integrado"},"content":{"rendered":"<p><a href=\"https:\/\/www.tecnifogo.com\/wp-content\/uploads\/2022\/06\/FT-Base-de-sirene-analogica-com-VAD-EN-54-23-em-branco-com-isolador-integrado.pdf\">FT Base de sirene anal\u00f3gica com VAD EN 54-23 em branco com isolador integrado<\/a><\/p>\n<p><strong>Base de sirene anal\u00f3gica com VAD EN 54-23 em branco com isolador integrado<\/strong><br \/>\nBase de sirene com flash de teto anal\u00f3gico branco com isolador embutido para conex\u00e3o direta ao loop anal\u00f3gico. Compat\u00edvel com detectores da s\u00e9rie 200A. 32 tons e 2 volumes configur\u00e1veis. Pot\u00eancia ac\u00fastica de 95 dB a 100 dB, dependendo do tom selecionado. Ocupa um endere\u00e7o no loop. Coberturas C-3-9.2 e C-3-15. Certificado CPR EN 54-3, EN 54-23 e EN 54-17. \u00c9 alimentado pelo loop ou por uma fonte externa EN 54-4. Dimens\u00f5es: 118mm x 28mm.<\/p>\n","protected":false},"excerpt":{"rendered":"<p>FT Base de sirene anal\u00f3gica com VAD EN 54-23 em branco com isolador integrado Base de sirene anal\u00f3gica com VAD EN 54-23 em branco com isolador integrado Base de sirene&hellip;<\/p>\n","protected":false},"featured_media":3187,"template":"","meta":{"_themeisle_gutenberg_block_has_review":false},"product_cat":[85,87],"product_tag":[],"_links":{"self":[{"href":"https:\/\/www.tecnifogo.com\/index.php\/wp-json\/wp\/v2\/product\/3186"}],"collection":[{"href":"https:\/\/www.tecnifogo.com\/index.php\/wp-json\/wp\/v2\/product"}],"about":[{"href":"https:\/\/www.tecnifogo.com\/index.php\/wp-json\/wp\/v2\/types\/product"}],"wp:featuredmedia":[{"embeddable":true,"href":"https:\/\/www.tecnifogo.com\/index.php\/wp-json\/wp\/v2\/media\/3187"}],"wp:attachment":[{"href":"https:\/\/www.tecnifogo.com\/index.php\/wp-json\/wp\/v2\/media?parent=3186"}],"wp:term":[{"taxonomy":"product_cat","embeddable":true,"href":"https:\/\/www.tecnifogo.com\/index.php\/wp-json\/wp\/v2\/product_cat?post=3186"},{"taxonomy":"product_tag","embeddable":true,"href":"https:\/\/www.tecnifogo.com\/index.php\/wp-json\/wp\/v2\/product_tag?post=3186"}],"curies":[{"name":"wp","href":"https:\/\/api.w.org\/{rel}","templated":true}]}}