{"id":3193,"date":"2022-06-17T15:02:12","date_gmt":"2022-06-17T15:02:12","guid":{"rendered":"https:\/\/www.tecnifogo.com\/?post_type=product&#038;p=3193"},"modified":"2023-05-12T14:59:14","modified_gmt":"2023-05-12T14:59:14","slug":"mad-450-i-botao-de-alarme-analogico-reajustavel-com-isolador","status":"publish","type":"product","link":"https:\/\/www.tecnifogo.com\/index.php\/produto\/mad-450-i-botao-de-alarme-analogico-reajustavel-com-isolador\/","title":{"rendered":"MAD-450-I Bot\u00e3o de alarme anal\u00f3gico reajust\u00e1vel com isolador"},"content":{"rendered":"<p><a href=\"https:\/\/www.tecnifogo.com\/wp-content\/uploads\/2022\/06\/FT-Botao-de-alarme-analogico-reajustavel-com-isolador.pdf\">FT Bot\u00e3o de alarme anal\u00f3gico reajust\u00e1vel com isolador<\/a><\/p>\n<p><strong>Bot\u00e3o de alarme anal\u00f3gico reajust\u00e1vel com isolador<\/strong><br \/>\nBot\u00e3o de alarme anal\u00f3gico reajust\u00e1vel com isolador embutido, para montagem em superf\u00edcie.\u00a0Incorpora LED indicador de status e chave de teste.\u00a0Cor vermelha.\u00a0Certificados CPR EN 54-11 e EN 54-17.\u00a0Dimens\u00f5es: 98 x 98 x 48 mm.<\/p>\n<p>&nbsp;<\/p>\n","protected":false},"excerpt":{"rendered":"<p>FT Bot\u00e3o de alarme anal\u00f3gico reajust\u00e1vel com isolador Bot\u00e3o de alarme anal\u00f3gico reajust\u00e1vel com isolador Bot\u00e3o de alarme anal\u00f3gico reajust\u00e1vel com isolador embutido, para montagem em superf\u00edcie.\u00a0Incorpora LED indicador de&hellip;<\/p>\n","protected":false},"featured_media":3194,"template":"","meta":{"_themeisle_gutenberg_block_has_review":false},"product_cat":[86,85],"product_tag":[],"_links":{"self":[{"href":"https:\/\/www.tecnifogo.com\/index.php\/wp-json\/wp\/v2\/product\/3193"}],"collection":[{"href":"https:\/\/www.tecnifogo.com\/index.php\/wp-json\/wp\/v2\/product"}],"about":[{"href":"https:\/\/www.tecnifogo.com\/index.php\/wp-json\/wp\/v2\/types\/product"}],"wp:featuredmedia":[{"embeddable":true,"href":"https:\/\/www.tecnifogo.com\/index.php\/wp-json\/wp\/v2\/media\/3194"}],"wp:attachment":[{"href":"https:\/\/www.tecnifogo.com\/index.php\/wp-json\/wp\/v2\/media?parent=3193"}],"wp:term":[{"taxonomy":"product_cat","embeddable":true,"href":"https:\/\/www.tecnifogo.com\/index.php\/wp-json\/wp\/v2\/product_cat?post=3193"},{"taxonomy":"product_tag","embeddable":true,"href":"https:\/\/www.tecnifogo.com\/index.php\/wp-json\/wp\/v2\/product_tag?post=3193"}],"curies":[{"name":"wp","href":"https:\/\/api.w.org\/{rel}","templated":true}]}}