{"id":3204,"date":"2022-06-17T15:19:47","date_gmt":"2022-06-17T15:19:47","guid":{"rendered":"https:\/\/www.tecnifogo.com\/?post_type=product&#038;p=3204"},"modified":"2023-05-12T15:01:59","modified_gmt":"2023-05-12T15:01:59","slug":"mad-465-i-sirene-flash-analogica-com-isolador","status":"publish","type":"product","link":"https:\/\/www.tecnifogo.com\/index.php\/produto\/mad-465-i-sirene-flash-analogica-com-isolador\/","title":{"rendered":"MAD-465-I Sirene flash anal\u00f3gica com isolador"},"content":{"rendered":"<p><a href=\"https:\/\/www.tecnifogo.com\/wp-content\/uploads\/2022\/06\/FT-Sirene-flash-analogica-com-isolador-1.pdf\">FT Sirene flash anal\u00f3gica com isolador<\/a><\/p>\n<p><strong>Sirene flash anal\u00f3gica com isolador<\/strong><br \/>\nSirene flash anal\u00f3gica com isolador integrado para conex\u00e3o direta ao loop. Baixo consumo. 32 tons e 3 volumes configur\u00e1veis \u200b\u200b(Baixo, M\u00e9dio, Alto). Pot\u00eancia ac\u00fastica de 76 dBA a 117 dBA, dependendo do tom selecionado. Ocupa um endere\u00e7o no loop. Cor vermelha. IP33C. Base alta para entrada de tubos expostos. Certificado de RCP EN 54-3 e EN 54-17. Dimens\u00f5es: 100 x 75mm.<\/p>\n","protected":false},"excerpt":{"rendered":"<p>FT Sirene flash anal\u00f3gica com isolador Sirene flash anal\u00f3gica com isolador Sirene flash anal\u00f3gica com isolador integrado para conex\u00e3o direta ao loop. Baixo consumo. 32 tons e 3 volumes configur\u00e1veis&hellip;<\/p>\n","protected":false},"featured_media":3205,"template":"","meta":{"_themeisle_gutenberg_block_has_review":false},"product_cat":[85,87],"product_tag":[],"_links":{"self":[{"href":"https:\/\/www.tecnifogo.com\/index.php\/wp-json\/wp\/v2\/product\/3204"}],"collection":[{"href":"https:\/\/www.tecnifogo.com\/index.php\/wp-json\/wp\/v2\/product"}],"about":[{"href":"https:\/\/www.tecnifogo.com\/index.php\/wp-json\/wp\/v2\/types\/product"}],"wp:featuredmedia":[{"embeddable":true,"href":"https:\/\/www.tecnifogo.com\/index.php\/wp-json\/wp\/v2\/media\/3205"}],"wp:attachment":[{"href":"https:\/\/www.tecnifogo.com\/index.php\/wp-json\/wp\/v2\/media?parent=3204"}],"wp:term":[{"taxonomy":"product_cat","embeddable":true,"href":"https:\/\/www.tecnifogo.com\/index.php\/wp-json\/wp\/v2\/product_cat?post=3204"},{"taxonomy":"product_tag","embeddable":true,"href":"https:\/\/www.tecnifogo.com\/index.php\/wp-json\/wp\/v2\/product_tag?post=3204"}],"curies":[{"name":"wp","href":"https:\/\/api.w.org\/{rel}","templated":true}]}}