{"id":3208,"date":"2022-06-17T15:23:55","date_gmt":"2022-06-17T15:23:55","guid":{"rendered":"https:\/\/www.tecnifogo.com\/?post_type=product&#038;p=3208"},"modified":"2023-05-12T15:08:06","modified_gmt":"2023-05-12T15:08:06","slug":"mad-472-base-de-conexao-com-sirene-analogica","status":"publish","type":"product","link":"https:\/\/www.tecnifogo.com\/index.php\/produto\/mad-472-base-de-conexao-com-sirene-analogica\/","title":{"rendered":"MAD-472 Base de conex\u00e3o com sirene anal\u00f3gica"},"content":{"rendered":"<p><a href=\"https:\/\/www.tecnifogo.com\/wp-content\/uploads\/2022\/06\/FT-Base-de-conexao-com-sirene-analogica.pdf\">FT Base de conex\u00e3o com sirene anal\u00f3gica<\/a><\/p>\n<p><strong>Base de conex\u00e3o com sirene anal\u00f3gica<\/strong><br \/>\nBase de conex\u00e3o com sirene anal\u00f3gica integrada. Compat\u00edvel com a gama de detectores da s\u00e9rie 200A. Certificado EN 54-3. Pot\u00eancia ac\u00fastica: 80dB. Uso interno. IP21C. Dimens\u00f5es: 150 x 100 mm.<\/p>\n","protected":false},"excerpt":{"rendered":"<p>FT Base de conex\u00e3o com sirene anal\u00f3gica Base de conex\u00e3o com sirene anal\u00f3gica Base de conex\u00e3o com sirene anal\u00f3gica integrada. Compat\u00edvel com a gama de detectores da s\u00e9rie 200A. Certificado&hellip;<\/p>\n","protected":false},"featured_media":3209,"template":"","meta":{"_themeisle_gutenberg_block_has_review":false},"product_cat":[85,87],"product_tag":[],"_links":{"self":[{"href":"https:\/\/www.tecnifogo.com\/index.php\/wp-json\/wp\/v2\/product\/3208"}],"collection":[{"href":"https:\/\/www.tecnifogo.com\/index.php\/wp-json\/wp\/v2\/product"}],"about":[{"href":"https:\/\/www.tecnifogo.com\/index.php\/wp-json\/wp\/v2\/types\/product"}],"wp:featuredmedia":[{"embeddable":true,"href":"https:\/\/www.tecnifogo.com\/index.php\/wp-json\/wp\/v2\/media\/3209"}],"wp:attachment":[{"href":"https:\/\/www.tecnifogo.com\/index.php\/wp-json\/wp\/v2\/media?parent=3208"}],"wp:term":[{"taxonomy":"product_cat","embeddable":true,"href":"https:\/\/www.tecnifogo.com\/index.php\/wp-json\/wp\/v2\/product_cat?post=3208"},{"taxonomy":"product_tag","embeddable":true,"href":"https:\/\/www.tecnifogo.com\/index.php\/wp-json\/wp\/v2\/product_tag?post=3208"}],"curies":[{"name":"wp","href":"https:\/\/api.w.org\/{rel}","templated":true}]}}