{"id":3214,"date":"2022-06-17T15:32:38","date_gmt":"2022-06-17T15:32:38","guid":{"rendered":"https:\/\/www.tecnifogo.com\/?post_type=product&#038;p=3214"},"modified":"2023-05-12T15:07:18","modified_gmt":"2023-05-12T15:07:18","slug":"mad-567-i-base-de-sirene-analogica-branca-com-isolador-embutido","status":"publish","type":"product","link":"https:\/\/www.tecnifogo.com\/index.php\/produto\/mad-567-i-base-de-sirene-analogica-branca-com-isolador-embutido\/","title":{"rendered":"MAD-567-I Base de sirene anal\u00f3gica branca com isolador embutido"},"content":{"rendered":"<p><strong>Base de sirene anal\u00f3gica branca com isolador embutido<\/strong><br \/>\nBase de sirene de teto anal\u00f3gica branca com isolador embutido para conex\u00e3o direta ao loop anal\u00f3gico. Compat\u00edvel com detectores da s\u00e9rie 200A. 32 tons e 4 volumes configur\u00e1veis. Pot\u00eancia ac\u00fastica de 95 dB a 100 dB, dependendo do tom selecionado. Ocupa um endere\u00e7o no loop. Certificado de RCP EN 54-3 e EN 54-17. \u00c9 alimentado pelo loop ou por uma fonte externa EN 54-4. Dimens\u00f5es: 118mm x 28mm.<\/p>\n","protected":false},"excerpt":{"rendered":"<p>Base de sirene anal\u00f3gica branca com isolador embutido Base de sirene de teto anal\u00f3gica branca com isolador embutido para conex\u00e3o direta ao loop anal\u00f3gico. Compat\u00edvel com detectores da s\u00e9rie 200A.&hellip;<\/p>\n","protected":false},"featured_media":3215,"template":"","meta":{"_themeisle_gutenberg_block_has_review":false},"product_cat":[85,87],"product_tag":[],"_links":{"self":[{"href":"https:\/\/www.tecnifogo.com\/index.php\/wp-json\/wp\/v2\/product\/3214"}],"collection":[{"href":"https:\/\/www.tecnifogo.com\/index.php\/wp-json\/wp\/v2\/product"}],"about":[{"href":"https:\/\/www.tecnifogo.com\/index.php\/wp-json\/wp\/v2\/types\/product"}],"wp:featuredmedia":[{"embeddable":true,"href":"https:\/\/www.tecnifogo.com\/index.php\/wp-json\/wp\/v2\/media\/3215"}],"wp:attachment":[{"href":"https:\/\/www.tecnifogo.com\/index.php\/wp-json\/wp\/v2\/media?parent=3214"}],"wp:term":[{"taxonomy":"product_cat","embeddable":true,"href":"https:\/\/www.tecnifogo.com\/index.php\/wp-json\/wp\/v2\/product_cat?post=3214"},{"taxonomy":"product_tag","embeddable":true,"href":"https:\/\/www.tecnifogo.com\/index.php\/wp-json\/wp\/v2\/product_tag?post=3214"}],"curies":[{"name":"wp","href":"https:\/\/api.w.org\/{rel}","templated":true}]}}