{"id":3216,"date":"2022-06-17T15:37:07","date_gmt":"2022-06-17T15:37:07","guid":{"rendered":"https:\/\/www.tecnifogo.com\/?post_type=product&#038;p=3216"},"modified":"2022-06-17T15:37:07","modified_gmt":"2022-06-17T15:37:07","slug":"tbud-250-cartao-de-expansao-microprocessado-de-2-loops-para-paineis-de-controle-analogicos-cad-250","status":"publish","type":"product","link":"https:\/\/www.tecnifogo.com\/index.php\/produto\/tbud-250-cartao-de-expansao-microprocessado-de-2-loops-para-paineis-de-controle-analogicos-cad-250\/","title":{"rendered":"TBUD-250 Cart\u00e3o de expans\u00e3o microprocessado de 2 loops para pain\u00e9is de controle anal\u00f3gicos CAD-250"},"content":{"rendered":"","protected":false},"excerpt":{"rendered":"","protected":false},"featured_media":3218,"template":"","meta":{"_themeisle_gutenberg_block_has_review":false},"product_cat":[19],"product_tag":[],"_links":{"self":[{"href":"https:\/\/www.tecnifogo.com\/index.php\/wp-json\/wp\/v2\/product\/3216"}],"collection":[{"href":"https:\/\/www.tecnifogo.com\/index.php\/wp-json\/wp\/v2\/product"}],"about":[{"href":"https:\/\/www.tecnifogo.com\/index.php\/wp-json\/wp\/v2\/types\/product"}],"wp:featuredmedia":[{"embeddable":true,"href":"https:\/\/www.tecnifogo.com\/index.php\/wp-json\/wp\/v2\/media\/3218"}],"wp:attachment":[{"href":"https:\/\/www.tecnifogo.com\/index.php\/wp-json\/wp\/v2\/media?parent=3216"}],"wp:term":[{"taxonomy":"product_cat","embeddable":true,"href":"https:\/\/www.tecnifogo.com\/index.php\/wp-json\/wp\/v2\/product_cat?post=3216"},{"taxonomy":"product_tag","embeddable":true,"href":"https:\/\/www.tecnifogo.com\/index.php\/wp-json\/wp\/v2\/product_tag?post=3216"}],"curies":[{"name":"wp","href":"https:\/\/api.w.org\/{rel}","templated":true}]}}