{"id":3219,"date":"2022-06-17T15:41:18","date_gmt":"2022-06-17T15:41:18","guid":{"rendered":"https:\/\/www.tecnifogo.com\/?post_type=product&#038;p=3219"},"modified":"2022-06-17T16:09:26","modified_gmt":"2022-06-17T16:09:26","slug":"tmb-252-placa-de-comunicacao-para-paineis-de-controle-analogicos-cad-250","status":"publish","type":"product","link":"https:\/\/www.tecnifogo.com\/index.php\/produto\/tmb-252-placa-de-comunicacao-para-paineis-de-controle-analogicos-cad-250\/","title":{"rendered":"TMB-252 Placa de comunica\u00e7\u00e3o para pain\u00e9is de controle anal\u00f3gicos CAD-250"},"content":{"rendered":"<p><a href=\"https:\/\/www.tecnifogo.com\/wp-content\/uploads\/2022\/06\/Datasheet_TMB-252__TMBFI-252-DS-365-es-2019-c.pdf\">Datasheet_TMB-252__TMBFI-252-DS-365-es-2019-c<\/a><\/p>\n<p><strong>Placa de comunica\u00e7\u00e3o para pain\u00e9is de controle anal\u00f3gicos CAD-250<\/strong><br \/>\nPlaca de comunica\u00e7\u00e3o para pain\u00e9is de controle anal\u00f3gicos CAD-250. Incorpora porta Ethernet, sa\u00edda RS485 para conex\u00e3o de rede em anel ou bus de pain\u00e9is de controle, 2 x RS485 para integra\u00e7\u00e3o com terceiros, sa\u00edda RS232 para impressora serial. Incorpora um circuito de isolamento el\u00e9trico entre os n\u00f3s. Dist\u00e2ncia m\u00e1xima entre n\u00f3s de at\u00e9 1.000 metros.<\/p>\n","protected":false},"excerpt":{"rendered":"<p>Datasheet_TMB-252__TMBFI-252-DS-365-es-2019-c Placa de comunica\u00e7\u00e3o para pain\u00e9is de controle anal\u00f3gicos CAD-250 Placa de comunica\u00e7\u00e3o para pain\u00e9is de controle anal\u00f3gicos CAD-250. Incorpora porta Ethernet, sa\u00edda RS485 para conex\u00e3o de rede em anel&hellip;<\/p>\n","protected":false},"featured_media":3220,"template":"","meta":{"_themeisle_gutenberg_block_has_review":false},"product_cat":[19],"product_tag":[],"_links":{"self":[{"href":"https:\/\/www.tecnifogo.com\/index.php\/wp-json\/wp\/v2\/product\/3219"}],"collection":[{"href":"https:\/\/www.tecnifogo.com\/index.php\/wp-json\/wp\/v2\/product"}],"about":[{"href":"https:\/\/www.tecnifogo.com\/index.php\/wp-json\/wp\/v2\/types\/product"}],"wp:featuredmedia":[{"embeddable":true,"href":"https:\/\/www.tecnifogo.com\/index.php\/wp-json\/wp\/v2\/media\/3220"}],"wp:attachment":[{"href":"https:\/\/www.tecnifogo.com\/index.php\/wp-json\/wp\/v2\/media?parent=3219"}],"wp:term":[{"taxonomy":"product_cat","embeddable":true,"href":"https:\/\/www.tecnifogo.com\/index.php\/wp-json\/wp\/v2\/product_cat?post=3219"},{"taxonomy":"product_tag","embeddable":true,"href":"https:\/\/www.tecnifogo.com\/index.php\/wp-json\/wp\/v2\/product_tag?post=3219"}],"curies":[{"name":"wp","href":"https:\/\/api.w.org\/{rel}","templated":true}]}}