{"id":3225,"date":"2022-06-17T15:48:47","date_gmt":"2022-06-17T15:48:47","guid":{"rendered":"https:\/\/www.tecnifogo.com\/?post_type=product&#038;p=3225"},"modified":"2023-05-12T14:30:34","modified_gmt":"2023-05-12T14:30:34","slug":"tot-250-acessorio-de-montagem-de-totem-para-paineis-de-controle-analogicos-cad-250","status":"publish","type":"product","link":"https:\/\/www.tecnifogo.com\/index.php\/produto\/tot-250-acessorio-de-montagem-de-totem-para-paineis-de-controle-analogicos-cad-250\/","title":{"rendered":"TOT-250 Acess\u00f3rio de montagem de totem para pain\u00e9is de controle anal\u00f3gicos CAD-250"},"content":{"rendered":"<p><strong>Acess\u00f3rio de montagem de totem para pain\u00e9is de controle anal\u00f3gicos CAD-250<\/strong><br \/>\nAcess\u00f3rio de montagem de totem para pain\u00e9is de controle anal\u00f3gicos CAD-250. Necess\u00e1rio quando for necess\u00e1rio instalar caixas de expans\u00e3o CAD-250-B ou CAD-250-BLED.<\/p>\n","protected":false},"excerpt":{"rendered":"<p>Acess\u00f3rio de montagem de totem para pain\u00e9is de controle anal\u00f3gicos CAD-250 Acess\u00f3rio de montagem de totem para pain\u00e9is de controle anal\u00f3gicos CAD-250. Necess\u00e1rio quando for necess\u00e1rio instalar caixas de expans\u00e3o&hellip;<\/p>\n","protected":false},"featured_media":3227,"template":"","meta":{"_themeisle_gutenberg_block_has_review":false},"product_cat":[85],"product_tag":[],"_links":{"self":[{"href":"https:\/\/www.tecnifogo.com\/index.php\/wp-json\/wp\/v2\/product\/3225"}],"collection":[{"href":"https:\/\/www.tecnifogo.com\/index.php\/wp-json\/wp\/v2\/product"}],"about":[{"href":"https:\/\/www.tecnifogo.com\/index.php\/wp-json\/wp\/v2\/types\/product"}],"wp:featuredmedia":[{"embeddable":true,"href":"https:\/\/www.tecnifogo.com\/index.php\/wp-json\/wp\/v2\/media\/3227"}],"wp:attachment":[{"href":"https:\/\/www.tecnifogo.com\/index.php\/wp-json\/wp\/v2\/media?parent=3225"}],"wp:term":[{"taxonomy":"product_cat","embeddable":true,"href":"https:\/\/www.tecnifogo.com\/index.php\/wp-json\/wp\/v2\/product_cat?post=3225"},{"taxonomy":"product_tag","embeddable":true,"href":"https:\/\/www.tecnifogo.com\/index.php\/wp-json\/wp\/v2\/product_tag?post=3225"}],"curies":[{"name":"wp","href":"https:\/\/api.w.org\/{rel}","templated":true}]}}